{"id":4,"date":"2010-05-08T13:54:22","date_gmt":"2010-05-08T16:54:22","guid":{"rendered":"http:\/\/localhost\/?page_id=2"},"modified":"2025-04-21T17:01:38","modified_gmt":"2025-04-21T20:01:38","slug":"acerca-de-2","status":"publish","type":"page","link":"https:\/\/msartesanias.xyz\/?page_id=4","title":{"rendered":"Acerca de mi, y mi blog"},"content":{"rendered":"<p><strong>\u00a1Hola gente linda!<\/strong>\u00a0 <span style=\"color: #ff0000;\"><strong><em>\u00a1Bienvenidos!<\/em><\/strong><\/span>\u00a0 \u00a1Gracias por visitar mi blog\u00a0 y ver lo que tengo para mostrarles! Seguramente ustedes compartir\u00e1n conmigo el mismo hobby, la misma pasi\u00f3n y placer por hacer cosas hermosas con nuestras manos, as\u00ed que los invito a embarcarse en un paseo imaginario y juntos recorrer las distintas categor\u00edas de mis trabajos.<\/p>\n<p><strong>\u00a0\u00a0 Pero antes, vayamos un poco atr\u00e1s en el tiempo\u2026<\/strong><\/p>\n<p>Hace muchos, muchos a\u00f1os que hago toda clase de manualidades y artesan\u00edas;\u00a0 desde que tengo uso de raz\u00f3n recuerdo haber tenido en mis manos l\u00e1pices, fibras, marcadores, papeles, cartones, felpinas, tijeras, pinceles, letr\u00f3grafos, stencils, acuarelas, t\u00e9mperas, pinturas, p\u00e1tinas, plumines, tinta china, adhesivos, papel mach\u00e9, telgopor, yeso, brillantinas, purpurinas, telas, pa\u00f1olenci, terciopelo, arpillera, lanas, cintas, pasamaner\u00edas y galones; colorantes, gamuzas, cueros, cuerinas, mimbres, hojas, ramas, semillas, frutos secos o r\u00fasticos, maderas duras o blandas, estecas, bolillos, repujadores, gubias, pirograbador, etc, (solo por nombrar algunos materiales e instrumentos de trabajo), porque todas esas cosas me llamaron la atenci\u00f3n y me gustaron desde muy ni\u00f1a.\u00a0 Este gusto por hacer cosas con mis manos, lo hered\u00e9 de mis padres y abuelos; nac\u00ed con el don de dibujar y poder crear objetos con mucha facilidad, y tambi\u00e9n de reciclar cosas viejas o deterioradas, transform\u00e1ndolas en algo nuevo. Realmente\u00a0 lo hago con mucha pasi\u00f3n y compromiso, porque lo siento de todo coraz\u00f3n; en cada pieza, cuadro, o lo que sea que est\u00e9 d\u00e1ndole vida con mis manos, va quedando una partecita de m\u00ed\u2026 Soy autodidacta, nunca hice un curso de dibujo o de manualidades; cuando voy a crear alguna artesan\u00eda, me surgen solas las ideas, o cuando tengo un objeto para reciclar, mi mente vuela imaginando c\u00f3mo se ver\u00eda cambi\u00e1ndole su aspecto, sin necesidad de ver o copiar otros modelos (aunque, les cuento una trampita, debo decir que me nutro mucho de revistas o libros de manualidades, o miro programas de artesanos en un canal de televisi\u00f3n, porque tienen un variad\u00edsimo contenido, para mantenerme actualizada en cuanto a los nuevos materiales que hay en el mercado y a t\u00e9cnicas se refiere).<\/p>\n<p>Al principio, siendo muy peque\u00f1a, l\u00f3gicamente, hac\u00eda cosas muy simples, pero a medida que fue pasando el tiempo, observaba cosas m\u00e1s complejas, entonces fui aprendiendo, probando e innovando con casi todo tipo de materiales y diversas t\u00e9cnicas, y las hac\u00eda iguales, o las adaptaba a mi gusto, cambiando alg\u00fan detalle, y junto a una meticulosa prolijidad, fui creando mi propio estilo, el cual conservo hasta el d\u00eda de hoy. He usado casi todo tipo de\u00a0 materiales, como as\u00ed tambi\u00e9n muchas y diversas t\u00e9cnicas, no obstante, no me gustan el alambre\u00a0 (solo lo uso cuando lo combino con otros materiales), el vidrio (a excepci\u00f3n del espejo,envases o frascos, botellas y damajuanas), ni el modelado de mu\u00f1ecos con pastas.<\/p>\n<p>No me atraen las flores, pero, si es a pedido, hago todo tipo de trabajos con ellas, ya sean pintadas, naturales o artificiales. Trabajo casi todos los estilos; muy colorido y divertido para ni\u00f1os; Naif; Rom\u00e1ntico con flores rococ\u00f3, mo\u00f1os y puntillas; Vintage; ceremonioso como para festejos patrios o eclesi\u00e1sticos; sobrio para celebraciones de todo tipo y ocasi\u00f3n, como Nacimientos, Bautismos, Comuniones, Confirmaciones, 15 a\u00f1os y todo tipo de Aniversarios, Enlaces, Bodas de Plata, de Oro, de Diamante, Egresados, Ordenaciones; \u00a0Haloween, country; etc, y tambi\u00e9n el estilo r\u00fastico o la l\u00ednea \u201ccampo\u201d, netamente argentina, que es el que m\u00e1s me gusta y el que m\u00e1s trabajo en la actualidad.<\/p>\n<p>La mayor\u00eda de los trabajos que hago quedan para m\u00ed, en menor proporci\u00f3n hago algunos para regalar, y tambi\u00e9n hago para vender. Tal es as\u00ed, a lo largo de todos estos a\u00f1os he creado infinidad de artesan\u00edas, y casi todas son piezas \u00fanicas. Pero no solo hice y hago objetos decorativos; tambi\u00e9n realic\u00e9 mucho material did\u00e1ctico.<\/p>\n<p>Partiendo de mi adolescencia, cuando ya hab\u00eda cruzado la barrera de hacer manualidades\u00a0 \u201cen\u201d la escuela, realizaba cosas \u201cpara\u201d las escuelas; he creado material did\u00e1ctico para escuelas primarias\u00a0 y jardines de infantes, tales como car\u00e1tulas para carpetas, tarjetas alusivas al ciclo escolar; carpetas infantiles, m\u00f3viles articulados, calendarios, frisos, l\u00e1minas, dibujos y carteles para todas las materias con todo tipo de material, escarapelas, escudos, banderas y mapas peque\u00f1os y a mayor escala, pergaminos (cuando en ese entonces se hac\u00edan a mano, con plum\u00edn y tinta china); ornamentaci\u00f3n de aulas y galer\u00edas, tanto en las esteras como en los pizarrones (desde el comienzo de clases hasta las fiestas de fin de a\u00f1o), maquetas en miniatura para mesa de arena, m\u00e1scaras con globos y disfraces de telas, papel creppe y cartulinas para las veladas de fin de a\u00f1o.<\/p>\n<p>M\u00e1s adelante, lleg\u00f3 la \u00e9poca de los palitos de madera, el papel vegetal, los l\u00e1pices pastel, el acetato, la panamina, las plumitas, las lentejuelas, el givr\u00e9, los caireles, cristales, calotas, canutillos, mostacillas y mostacillones, cadenas y cuentas de bujouterie, el cart\u00f3n microcorrugado, las parafinas; las gemas, las boinas, floreritos y todo tipo de frascos y envases de vidrio de toda forma y tama\u00f1o, la espumina, la goma E.V.A en todas sus variedades, las pinturas puff, por nombrar algunos materiales m\u00e1s, y una incre\u00edble infinidad de novedades \u00a0que fueron apareciendo en librer\u00edas, art\u00edsticas y cotillones, y con los cuales he creado un sinf\u00edn de cosas, combin\u00e1ndolos entre s\u00ed, adapt\u00e1ndolos a cada pieza creada, tales como souvenirs, centros de mesa, gorros, sombreros y capelinas; carteles y adornos de pared, farolitos y luminarias de distintos tama\u00f1os y todo tipo de objetos de decoraci\u00f3n, que, lamentablemente, de la mayor\u00eda no guardo registro fotogr\u00e1fico.<\/p>\n<p>Tambi\u00e9n realic\u00e9 trabajos con madera, madera terciada, palitos de madera, ca\u00f1as, troncos, mimbre, canastas, latas, cajas de cart\u00f3n y de madera, adornos con cintas y tejidos r\u00fasticos tipo telar; botellas y frascos de vidrio de diversos tama\u00f1os y formas, y tambi\u00e9n damajuanas; cuadros, murales y tapices.<\/p>\n<p>Del vasto mundo de las artesan\u00edas hago varias t\u00e9cnicas, pero reconozco que existen muchas m\u00e1s que, aunque las he visto, no s\u00e9 c\u00f3mo se hacen, tales como paspart\u00fa; cester\u00eda con palma o mimbre; trenzado de cuero; fabricaci\u00f3n de art\u00edculos de card\u00f3n, alfarer\u00eda en terracota o en cer\u00e1mica negra; tallado o grabado en piezas de piedra; pasta piedra; esculpido o tallado en madera; enmarcado de cuadros, marqueter\u00eda; taracea; bizcocho cer\u00e1mico; esculpido y tallado en tiza; porcelana fr\u00eda; tallado de huevos de distintos tama\u00f1os; resina; vitrofusi\u00f3n; vitromosaico; mosaiquismo; venecitas; vitral; fabricaci\u00f3n de flores de papel, tela, fieltro o goma E.V.A; arreglos florales; ramos y tocados de novia; ikebana; lanigraf\u00eda; crochet; macram\u00e9; telar; bordado con cintas; punto cruz; mu\u00f1equer\u00eda en general; arte franc\u00e9s; marroquiner\u00eda; repujado de metales; scrapbooking; pintura en granos de arroz; pintura en interior de frascos y botellas en miniatura; pintura realista; filete porte\u00f1o; en fin, la lista es muy extensa, seguramente me quedar\u00e1n much\u00edsimas t\u00e9cnicas sin nombrar simplemente porque no las conozco\u2026<\/p>\n<p>Muchos de ustedes sabr\u00e1n que antes no hab\u00eda tantos materiales para trabajar como existe ahora; era todo bastante limitado, y adem\u00e1s, pr\u00e1cticamente todo se hac\u00eda a mano; si se utilizaban moldes, \u00e9stos tambi\u00e9n se hac\u00edan a mano, o por lo menos, yo fabricaba la mayor\u00eda de mis propios moldes. Hoy, acorde a los tiempos que corren, junto con el progreso y la vida acelerada lleg\u00f3 el facilismo, todo est\u00e1 ya prefabricado, y m\u00e1s a\u00fan, todo computarizado, y aunque debo reconocer que tanto lo que ya est\u00e1 fabricado como la tecnolog\u00eda utilizada al servicio de lo artesanal ayudan mucho, insisto que no hay nada m\u00e1s lindo que hacer las cosas con las propias manos; de esta manera tienen otro gusto, quiz\u00e1s no sean tan \u201cperfectas\u201d, pero se puede decir que son realmente artesanales\u2026<\/p>\n<p>En esta etapa en la que me encuentro hoy, tuve la precauci\u00f3n de tomar fotograf\u00edas de casi todos mis trabajos, y \u00e9sta es la muestra que les presento, a la cual, para una mayor apreciaci\u00f3n, he dividido en diferentes categor\u00edas. Desde ya, los invito a recorrerla dese\u00e1ndoles \u00a0buen viaje!<\/p>\n","protected":false},"excerpt":{"rendered":"<p>\u00a1Hola gente linda!\u00a0 \u00a1Bienvenidos!\u00a0 \u00a1Gracias por visitar mi blog\u00a0 y ver lo que tengo para mostrarles! Seguramente ustedes compartir\u00e1n conmigo el mismo hobby, la misma pasi\u00f3n y placer por hacer cosas hermosas con nuestras manos, as\u00ed que los invito a embarcarse en un paseo imaginario y juntos recorrer las distintas categor\u00edas de mis trabajos. \u00a0\u00a0 &hellip; <a href=\"https:\/\/msartesanias.xyz\/?page_id=4\" class=\"more-link\">Seguir leyendo <span class=\"screen-reader-text\">Acerca de mi, y mi blog<\/span> <span class=\"meta-nav\">&rarr;<\/span><\/a><\/p>\n","protected":false},"author":1,"featured_media":0,"parent":0,"menu_order":0,"comment_status":"open","ping_status":"open","template":"","meta":{"footnotes":""},"class_list":["post-4","page","type-page","status-publish","hentry"],"_links":{"self":[{"href":"https:\/\/msartesanias.xyz\/index.php?rest_route=\/wp\/v2\/pages\/4","targetHints":{"allow":["GET"]}}],"collection":[{"href":"https:\/\/msartesanias.xyz\/index.php?rest_route=\/wp\/v2\/pages"}],"about":[{"href":"https:\/\/msartesanias.xyz\/index.php?rest_route=\/wp\/v2\/types\/page"}],"author":[{"embeddable":true,"href":"https:\/\/msartesanias.xyz\/index.php?rest_route=\/wp\/v2\/users\/1"}],"replies":[{"embeddable":true,"href":"https:\/\/msartesanias.xyz\/index.php?rest_route=%2Fwp%2Fv2%2Fcomments&post=4"}],"version-history":[{"count":1,"href":"https:\/\/msartesanias.xyz\/index.php?rest_route=\/wp\/v2\/pages\/4\/revisions"}],"predecessor-version":[{"id":4252,"href":"https:\/\/msartesanias.xyz\/index.php?rest_route=\/wp\/v2\/pages\/4\/revisions\/4252"}],"wp:attachment":[{"href":"https:\/\/msartesanias.xyz\/index.php?rest_route=%2Fwp%2Fv2%2Fmedia&parent=4"}],"curies":[{"name":"wp","href":"https:\/\/api.w.org\/{rel}","templated":true}]}}